{"id":1394,"date":"2017-10-01T18:01:53","date_gmt":"2017-10-01T17:01:53","guid":{"rendered":"http:\/\/karateclubcorbas.com\/kcc_wp\/?page_id=1394"},"modified":"2023-09-11T06:15:52","modified_gmt":"2023-09-11T05:15:52","slug":"nouscontacter","status":"publish","type":"page","link":"http:\/\/karateclubcorbas.com\/kcc_wp\/nouscontacter\/","title":{"rendered":"Nous contacter"},"content":{"rendered":"<div class=\"fusion-fullwidth fullwidth-box fusion-builder-row-1 nonhundred-percent-fullwidth non-hundred-percent-height-scrolling\" style=\"background-color: rgba(35,35,35,0);background-position: center center;background-repeat: no-repeat;padding-top:0px;padding-right:0px;padding-bottom:0px;padding-left:0px;margin-bottom: 0px;margin-top: 0px;border-width: 0px 0px 0px 0px;border-color:#eae9e9;border-style:solid;\" ><div class=\"fusion-builder-row fusion-row\"><div class=\"fusion-layout-column fusion_builder_column fusion-builder-column-0 fusion_builder_column_1_1 1_1 fusion-one-full fusion-column-first fusion-column-last\" style=\"margin-top:0px;margin-bottom:20px;\"><div class=\"fusion-column-wrapper fusion-flex-column-wrapper-legacy\" style=\"background-position:left top;background-repeat:no-repeat;-webkit-background-size:cover;-moz-background-size:cover;-o-background-size:cover;background-size:cover;background-color:rgba(7,7,7,0.81);padding: 0px 0px 0px 0px;\"><div class=\"fusion-widget-area fusion-widget-area-1 fusion-content-widget-area\"><style type=\"text\/css\">.fusion-widget-area-1 {background-color:#232323;}.fusion-widget-area-1 {padding:0px 0px 0px 0px;}.fusion-widget-area-1 .widget h4 {color:#ffffff;}.fusion-widget-area-1 .widget .heading h4 {color:#ffffff;}.fusion-widget-area-1 .widget h4 {font-size:30;}.fusion-widget-area-1 .widget .heading h4 {font-size:30;}<\/style><section id=\"custom_html-3\" class=\"widget_text fusion-footer-widget-column widget widget_custom_html\"><h4 class=\"widget-title\">Nous contacter par mail :<\/h4><div class=\"textwidget custom-html-widget\">\n<div class=\"wpcf7 no-js\" id=\"wpcf7-f1179-o1\" lang=\"fr-FR\" dir=\"ltr\" data-wpcf7-id=\"1179\">\n<div class=\"screen-reader-response\"><p role=\"status\" aria-live=\"polite\" aria-atomic=\"true\"><\/p> <ul><\/ul><\/div>\n<form action=\"\/kcc_wp\/wp-json\/wp\/v2\/pages\/1394#wpcf7-f1179-o1\" method=\"post\" class=\"wpcf7-form init\" aria-label=\"Formulaire de contact\" novalidate=\"novalidate\" data-status=\"init\">\n<fieldset class=\"hidden-fields-container\"><input type=\"hidden\" name=\"_wpcf7\" value=\"1179\" \/><input type=\"hidden\" name=\"_wpcf7_version\" value=\"6.1.5\" \/><input type=\"hidden\" name=\"_wpcf7_locale\" value=\"fr_FR\" \/><input type=\"hidden\" name=\"_wpcf7_unit_tag\" value=\"wpcf7-f1179-o1\" \/><input type=\"hidden\" name=\"_wpcf7_container_post\" value=\"0\" \/><input type=\"hidden\" name=\"_wpcf7_posted_data_hash\" value=\"\" \/>\n<\/fieldset>\n<p><label> Votre nom (obligatoire)<br \/>\n<span class=\"wpcf7-form-control-wrap\" data-name=\"your-name\"><input size=\"40\" maxlength=\"400\" class=\"wpcf7-form-control wpcf7-text wpcf7-validates-as-required\" aria-required=\"true\" aria-invalid=\"false\" value=\"\" type=\"text\" name=\"your-name\" \/><\/span> <\/label>\n<\/p>\n<p><label> Votre e-mail (obligatoire)<br \/>\n<span class=\"wpcf7-form-control-wrap\" data-name=\"your-email\"><input size=\"40\" maxlength=\"400\" class=\"wpcf7-form-control wpcf7-email wpcf7-validates-as-required wpcf7-text wpcf7-validates-as-email\" aria-required=\"true\" aria-invalid=\"false\" value=\"\" type=\"email\" name=\"your-email\" \/><\/span> <\/label>\n<\/p>\n<p><label> Sujet<br \/>\n<span class=\"wpcf7-form-control-wrap\" data-name=\"your-subject\"><input size=\"40\" maxlength=\"400\" class=\"wpcf7-form-control wpcf7-text\" aria-invalid=\"false\" value=\"\" type=\"text\" name=\"your-subject\" \/><\/span> <\/label>\n<\/p>\n<p><label> Votre message<br \/>\n<span class=\"wpcf7-form-control-wrap\" data-name=\"your-message\"><textarea cols=\"40\" rows=\"10\" maxlength=\"2000\" class=\"wpcf7-form-control wpcf7-textarea\" aria-invalid=\"false\" name=\"your-message\"><\/textarea><\/span> <\/label>\n<\/p>\n<p><input class=\"wpcf7-form-control wpcf7-submit has-spinner\" type=\"submit\" value=\"Envoyer\" \/>\n<\/p><div class=\"fusion-alert alert custom alert-custom fusion-alert-center wpcf7-response-output fusion-alert-capitalize alert-dismissable\" style=\"border-width:1px;\"><button type=\"button\" class=\"close toggle-alert\" data-dismiss=\"alert\" aria-hidden=\"true\">&times;<\/button><div class=\"fusion-alert-content-wrapper\"><span class=\"fusion-alert-content\"><\/span><\/div><\/div>\n<\/form>\n<\/div>\n<\/div><div style=\"clear:both;\"><\/div><\/section><div class=\"fusion-additional-widget-content\"><\/div><\/div><div class=\"fusion-sep-clear\"><\/div><div class=\"fusion-separator fusion-full-width-sep\" style=\"margin-left: auto;margin-right: auto;width:100%;\"><\/div><div class=\"fusion-sep-clear\"><\/div><div class=\"fusion-align-block\"><a class=\"fusion-button button-flat button-xlarge button-blue button-1 fusion-button-span-yes cta-button\" target=\"_blank\" rel=\"noopener noreferrer\" href=\"http:\/\/karateclubcorbas.com\/kcc_wp\/wp-content\/uploads\/2020\/10\/Reglement_Interieur_V2020.pdf\"><span class=\"fusion-button-text\">T\u00e9l\u00e9chargez le r\u00e8glement int\u00e9rieur du club <\/span><i class=\"fa-list-ol fas button-icon-right\" aria-hidden=\"true\"><\/i><\/a><\/div><div class=\"fusion-clearfix\"><\/div><\/div><\/div><\/div><\/div>\n","protected":false},"excerpt":{"rendered":"","protected":false},"author":1,"featured_media":0,"parent":0,"menu_order":0,"comment_status":"closed","ping_status":"closed","template":"","meta":{"footnotes":""},"class_list":["post-1394","page","type-page","status-publish","hentry"],"yoast_head":"<!-- This site is optimized with the Yoast SEO plugin v27.5 - https:\/\/yoast.com\/product\/yoast-seo-wordpress\/ -->\n<title>Nous contacter - Karat\u00e9 Club Corbas<\/title>\n<meta name=\"robots\" content=\"index, follow, max-snippet:-1, max-image-preview:large, max-video-preview:-1\" \/>\n<link rel=\"canonical\" href=\"http:\/\/karateclubcorbas.com\/kcc_wp\/nouscontacter\/\" \/>\n<meta property=\"og:locale\" content=\"fr_FR\" \/>\n<meta property=\"og:type\" content=\"article\" \/>\n<meta property=\"og:title\" content=\"Nous contacter - Karat\u00e9 Club Corbas\" \/>\n<meta property=\"og:url\" content=\"http:\/\/karateclubcorbas.com\/kcc_wp\/nouscontacter\/\" \/>\n<meta property=\"og:site_name\" content=\"Karat\u00e9 Club Corbas\" \/>\n<meta property=\"article:modified_time\" content=\"2023-09-11T05:15:52+00:00\" \/>\n<meta name=\"twitter:label1\" content=\"Dur\u00e9e de lecture estim\u00e9e\" \/>\n\t<meta name=\"twitter:data1\" content=\"1 minute\" \/>\n<script type=\"application\/ld+json\" class=\"yoast-schema-graph\">{\"@context\":\"https:\\\/\\\/schema.org\",\"@graph\":[{\"@type\":\"WebPage\",\"@id\":\"http:\\\/\\\/karateclubcorbas.com\\\/kcc_wp\\\/nouscontacter\\\/\",\"url\":\"http:\\\/\\\/karateclubcorbas.com\\\/kcc_wp\\\/nouscontacter\\\/\",\"name\":\"Nous contacter - Karat\u00e9 Club Corbas\",\"isPartOf\":{\"@id\":\"https:\\\/\\\/karateclubcorbas.com\\\/kcc_wp\\\/#website\"},\"datePublished\":\"2017-10-01T17:01:53+00:00\",\"dateModified\":\"2023-09-11T05:15:52+00:00\",\"breadcrumb\":{\"@id\":\"http:\\\/\\\/karateclubcorbas.com\\\/kcc_wp\\\/nouscontacter\\\/#breadcrumb\"},\"inLanguage\":\"fr-FR\",\"potentialAction\":[{\"@type\":\"ReadAction\",\"target\":[\"http:\\\/\\\/karateclubcorbas.com\\\/kcc_wp\\\/nouscontacter\\\/\"]}]},{\"@type\":\"BreadcrumbList\",\"@id\":\"http:\\\/\\\/karateclubcorbas.com\\\/kcc_wp\\\/nouscontacter\\\/#breadcrumb\",\"itemListElement\":[{\"@type\":\"ListItem\",\"position\":1,\"name\":\"Accueil\",\"item\":\"https:\\\/\\\/karateclubcorbas.com\\\/kcc_wp\\\/\"},{\"@type\":\"ListItem\",\"position\":2,\"name\":\"Nous contacter\"}]},{\"@type\":\"WebSite\",\"@id\":\"https:\\\/\\\/karateclubcorbas.com\\\/kcc_wp\\\/#website\",\"url\":\"https:\\\/\\\/karateclubcorbas.com\\\/kcc_wp\\\/\",\"name\":\"Karat\u00e9 Club Corbas\",\"description\":\"Le KCC, Depuis 1982\",\"publisher\":{\"@id\":\"https:\\\/\\\/karateclubcorbas.com\\\/kcc_wp\\\/#organization\"},\"alternateName\":\"KCC\",\"potentialAction\":[{\"@type\":\"SearchAction\",\"target\":{\"@type\":\"EntryPoint\",\"urlTemplate\":\"https:\\\/\\\/karateclubcorbas.com\\\/kcc_wp\\\/?s={search_term_string}\"},\"query-input\":{\"@type\":\"PropertyValueSpecification\",\"valueRequired\":true,\"valueName\":\"search_term_string\"}}],\"inLanguage\":\"fr-FR\"},{\"@type\":\"Organization\",\"@id\":\"https:\\\/\\\/karateclubcorbas.com\\\/kcc_wp\\\/#organization\",\"name\":\"Karat\u00e9 Club Corbas\",\"url\":\"https:\\\/\\\/karateclubcorbas.com\\\/kcc_wp\\\/\",\"logo\":{\"@type\":\"ImageObject\",\"inLanguage\":\"fr-FR\",\"@id\":\"https:\\\/\\\/karateclubcorbas.com\\\/kcc_wp\\\/#\\\/schema\\\/logo\\\/image\\\/\",\"url\":\"https:\\\/\\\/karateclubcorbas.com\\\/kcc_wp\\\/wp-content\\\/uploads\\\/2019\\\/10\\\/logo2019_2.png\",\"contentUrl\":\"https:\\\/\\\/karateclubcorbas.com\\\/kcc_wp\\\/wp-content\\\/uploads\\\/2019\\\/10\\\/logo2019_2.png\",\"width\":2004,\"height\":2004,\"caption\":\"Karat\u00e9 Club Corbas\"},\"image\":{\"@id\":\"https:\\\/\\\/karateclubcorbas.com\\\/kcc_wp\\\/#\\\/schema\\\/logo\\\/image\\\/\"},\"sameAs\":[\"http:\\\/\\\/www.instagram.com\\\/karateclubcorbas\"]}]}<\/script>\n<!-- \/ Yoast SEO plugin. -->","yoast_head_json":{"title":"Nous contacter - Karat\u00e9 Club Corbas","robots":{"index":"index","follow":"follow","max-snippet":"max-snippet:-1","max-image-preview":"max-image-preview:large","max-video-preview":"max-video-preview:-1"},"canonical":"http:\/\/karateclubcorbas.com\/kcc_wp\/nouscontacter\/","og_locale":"fr_FR","og_type":"article","og_title":"Nous contacter - Karat\u00e9 Club Corbas","og_url":"http:\/\/karateclubcorbas.com\/kcc_wp\/nouscontacter\/","og_site_name":"Karat\u00e9 Club Corbas","article_modified_time":"2023-09-11T05:15:52+00:00","twitter_misc":{"Dur\u00e9e de lecture estim\u00e9e":"1 minute"},"schema":{"@context":"https:\/\/schema.org","@graph":[{"@type":"WebPage","@id":"http:\/\/karateclubcorbas.com\/kcc_wp\/nouscontacter\/","url":"http:\/\/karateclubcorbas.com\/kcc_wp\/nouscontacter\/","name":"Nous contacter - Karat\u00e9 Club Corbas","isPartOf":{"@id":"https:\/\/karateclubcorbas.com\/kcc_wp\/#website"},"datePublished":"2017-10-01T17:01:53+00:00","dateModified":"2023-09-11T05:15:52+00:00","breadcrumb":{"@id":"http:\/\/karateclubcorbas.com\/kcc_wp\/nouscontacter\/#breadcrumb"},"inLanguage":"fr-FR","potentialAction":[{"@type":"ReadAction","target":["http:\/\/karateclubcorbas.com\/kcc_wp\/nouscontacter\/"]}]},{"@type":"BreadcrumbList","@id":"http:\/\/karateclubcorbas.com\/kcc_wp\/nouscontacter\/#breadcrumb","itemListElement":[{"@type":"ListItem","position":1,"name":"Accueil","item":"https:\/\/karateclubcorbas.com\/kcc_wp\/"},{"@type":"ListItem","position":2,"name":"Nous contacter"}]},{"@type":"WebSite","@id":"https:\/\/karateclubcorbas.com\/kcc_wp\/#website","url":"https:\/\/karateclubcorbas.com\/kcc_wp\/","name":"Karat\u00e9 Club Corbas","description":"Le KCC, Depuis 1982","publisher":{"@id":"https:\/\/karateclubcorbas.com\/kcc_wp\/#organization"},"alternateName":"KCC","potentialAction":[{"@type":"SearchAction","target":{"@type":"EntryPoint","urlTemplate":"https:\/\/karateclubcorbas.com\/kcc_wp\/?s={search_term_string}"},"query-input":{"@type":"PropertyValueSpecification","valueRequired":true,"valueName":"search_term_string"}}],"inLanguage":"fr-FR"},{"@type":"Organization","@id":"https:\/\/karateclubcorbas.com\/kcc_wp\/#organization","name":"Karat\u00e9 Club Corbas","url":"https:\/\/karateclubcorbas.com\/kcc_wp\/","logo":{"@type":"ImageObject","inLanguage":"fr-FR","@id":"https:\/\/karateclubcorbas.com\/kcc_wp\/#\/schema\/logo\/image\/","url":"https:\/\/karateclubcorbas.com\/kcc_wp\/wp-content\/uploads\/2019\/10\/logo2019_2.png","contentUrl":"https:\/\/karateclubcorbas.com\/kcc_wp\/wp-content\/uploads\/2019\/10\/logo2019_2.png","width":2004,"height":2004,"caption":"Karat\u00e9 Club Corbas"},"image":{"@id":"https:\/\/karateclubcorbas.com\/kcc_wp\/#\/schema\/logo\/image\/"},"sameAs":["http:\/\/www.instagram.com\/karateclubcorbas"]}]}},"_links":{"self":[{"href":"http:\/\/karateclubcorbas.com\/kcc_wp\/wp-json\/wp\/v2\/pages\/1394","targetHints":{"allow":["GET"]}}],"collection":[{"href":"http:\/\/karateclubcorbas.com\/kcc_wp\/wp-json\/wp\/v2\/pages"}],"about":[{"href":"http:\/\/karateclubcorbas.com\/kcc_wp\/wp-json\/wp\/v2\/types\/page"}],"author":[{"embeddable":true,"href":"http:\/\/karateclubcorbas.com\/kcc_wp\/wp-json\/wp\/v2\/users\/1"}],"replies":[{"embeddable":true,"href":"http:\/\/karateclubcorbas.com\/kcc_wp\/wp-json\/wp\/v2\/comments?post=1394"}],"version-history":[{"count":38,"href":"http:\/\/karateclubcorbas.com\/kcc_wp\/wp-json\/wp\/v2\/pages\/1394\/revisions"}],"predecessor-version":[{"id":3458,"href":"http:\/\/karateclubcorbas.com\/kcc_wp\/wp-json\/wp\/v2\/pages\/1394\/revisions\/3458"}],"wp:attachment":[{"href":"http:\/\/karateclubcorbas.com\/kcc_wp\/wp-json\/wp\/v2\/media?parent=1394"}],"curies":[{"name":"wp","href":"https:\/\/api.w.org\/{rel}","templated":true}]}}